{"id":38,"date":"2021-05-24T11:04:14","date_gmt":"2021-05-24T11:04:14","guid":{"rendered":"https:\/\/centre.ulbsibiu.ro\/psi-cercetare\/?page_id=38"},"modified":"2025-04-14T12:58:26","modified_gmt":"2025-04-14T12:58:26","slug":"despre","status":"publish","type":"page","link":"https:\/\/centre.ulbsibiu.ro\/psi-cercetare\/ro\/despre\/","title":{"rendered":"Despre"},"content":{"rendered":"\n<p><strong>Datele de identificare ale centrului:<\/strong><\/p>\n\n\n\n<ul class=\"wp-block-list\">\n<li>denumire (\u00een rom\u00e2n\u0103 \u0219i englez\u0103): Centrul de Cercet\u0103ri Psihologice \/ Center for Psychological Research.<\/li>\n\n\n\n<li>acronim: CCPSI.<\/li>\n\n\n\n<li>site: <a href=\"https:\/\/centers.ulbsibiu.ro\/psi-cercetare\/ro\/\">https:\/\/centers.ulbsibiu.ro\/psi-cercetare\/ro\/<\/a><\/li>\n\n\n\n<li>data \u00eenfiin\u021b\u0103rii \u0219i\/sau data ultimei recunoa\u0219teri prin hot\u0103r\u00e2re de Senat: 2014.<\/li>\n\n\n\n<li>facultatea \u00een subordinea c\u0103reia se afl\u0103: Facultatea de \u0218tiin\u021be Socio-Umane.<\/li>\n\n\n\n<li>tipul de cercetare pe care \u00eel desf\u0103\u0219oar\u0103: aplicativ\u0103, intra- \u015fi interdisciplinar\u0103.<\/li>\n\n\n\n<li>domeniile de cercetare: Cercetare socio-economic\u0103 \u015fi umanist\u0103, S\u0103n\u0103tate, Spa\u021biu \u0219i securitate, Tehnologia Informa\u021biei \u0219i Comunica\u021bii.<\/li>\n<\/ul>\n","protected":false},"excerpt":{"rendered":"<p>Datele de identificare ale centrului:<\/p>\n","protected":false},"author":1,"featured_media":0,"parent":0,"menu_order":0,"comment_status":"closed","ping_status":"closed","template":"","meta":{"footnotes":""},"class_list":["post-38","page","type-page","status-publish","hentry"],"_links":{"self":[{"href":"https:\/\/centre.ulbsibiu.ro\/psi-cercetare\/wp-json\/wp\/v2\/pages\/38","targetHints":{"allow":["GET"]}}],"collection":[{"href":"https:\/\/centre.ulbsibiu.ro\/psi-cercetare\/wp-json\/wp\/v2\/pages"}],"about":[{"href":"https:\/\/centre.ulbsibiu.ro\/psi-cercetare\/wp-json\/wp\/v2\/types\/page"}],"author":[{"embeddable":true,"href":"https:\/\/centre.ulbsibiu.ro\/psi-cercetare\/wp-json\/wp\/v2\/users\/1"}],"replies":[{"embeddable":true,"href":"https:\/\/centre.ulbsibiu.ro\/psi-cercetare\/wp-json\/wp\/v2\/comments?post=38"}],"version-history":[{"count":2,"href":"https:\/\/centre.ulbsibiu.ro\/psi-cercetare\/wp-json\/wp\/v2\/pages\/38\/revisions"}],"predecessor-version":[{"id":133,"href":"https:\/\/centre.ulbsibiu.ro\/psi-cercetare\/wp-json\/wp\/v2\/pages\/38\/revisions\/133"}],"wp:attachment":[{"href":"https:\/\/centre.ulbsibiu.ro\/psi-cercetare\/wp-json\/wp\/v2\/media?parent=38"}],"curies":[{"name":"wp","href":"https:\/\/api.w.org\/{rel}","templated":true}]}}